{"id":45,"date":"2023-02-14T14:37:38","date_gmt":"2023-02-14T13:37:38","guid":{"rendered":"https:\/\/fabbroalbenga.it\/?page_id=45"},"modified":"2025-07-10T12:30:52","modified_gmt":"2025-07-10T10:30:52","slug":"sblocco-serrande-albenga","status":"publish","type":"page","link":"https:\/\/www.fabbroalbenga.it\/?page_id=45","title":{"rendered":"Sblocco serrande Albenga"},"content":{"rendered":"<div class=\"wpb-content-wrapper\"><p>[vc_row][vc_column width=&#8221;1\/2&#8243;][vc_column_text]In questo articolo vi spiegheremo nel dettaglio lo sblocco serrande Albenga, del negozio o del garage. Questi consigli sono validi nel caso in cui la serranda elettrica sia bloccata a causa di un&#8217;interruzione di corrente o di problemi al motore legati al passaggio di elettricit\u00e0.<\/p>\n<p>Le serrande elettriche sono molto comode, soprattutto quando sono ampie e pesanti, come nel caso di garage o negozi, poich\u00e9 evitano la fatica di doverle alzare manualmente.<\/p>\n<p>Quando acquistate il motore della serranda, esso viene fornito con una parte chiamata &#8220;servofreno&#8221;. Questa parte, collegata a un filo, \u00e8 evidenziata nella figura in alto con un cerchio rosso.<\/p>\n<p>Il filo entra all&#8217;interno della serranda e si collega al motore, pendendo solitamente sul lato destro o sinistro del negozio o del garage.<\/p>\n<p>Se un blackout o un altro problema impedisce l&#8217;apertura della serranda, ci sono diverse possibilit\u00e0 di intervento a seconda dell&#8217;installazione.<\/p>\n<p>Ad esempio, in un negozio con ingresso posteriore, \u00e8 possibile lo sblocco serrande Albenga tramite una manopola generalmente situata all&#8217;interno dei cassoni o visibile lateralmente alla vetrina.<\/p>\n<p>Baster\u00e0 svitare la manopola, tenendo ferma una parte, e ci sar\u00e0 lo sblocco serrande Albenga, permettendovi di alzarla e abbassarla manualmente. Una volta ripristinata la corrente, riavvitate la manopola.<\/p>\n<p>In caso di serrande con una scatola esterna (come nei garage o nelle vetrine senza accesso posteriore), aprite lo sportellino con la chiave in dotazione e tirate verso di voi la leva per sbloccare la serranda.<\/p>\n<p>Effettuate l&#8217;operazione inversa una volta ripristinata la corrente.<\/p>\n<p>Se la serranda non si alza a causa di problemi al motore legati al flusso di corrente, il filo del servofreno e lo strumento associato possono essere di grande aiuto.<\/p>\n<p>Sblocco serrande Albenga manualmente queste procedure, potrete temporaneamente risolvere il problema fino a quando non sar\u00e0 possibile ripristinare il corretto funzionamento del motore.[\/vc_column_text][\/vc_column][vc_column width=&#8221;1\/2&#8243;][vc_column_text]<img loading=\"lazy\" decoding=\"async\" class=\"aligncenter wp-image-282 size-full\" src=\"https:\/\/fabbroalbenga.it\/wp-content\/uploads\/2023\/02\/sblocco-serrande.webp\" alt=\"sblocco serrande Albenga\" width=\"768\" height=\"939\" srcset=\"https:\/\/www.fabbroalbenga.it\/wp-content\/uploads\/2023\/02\/sblocco-serrande.webp 768w, https:\/\/www.fabbroalbenga.it\/wp-content\/uploads\/2023\/02\/sblocco-serrande-245x300.webp 245w\" sizes=\"auto, (max-width: 768px) 100vw, 768px\" \/>[\/vc_column_text][vc_column_text]Anche in casa, le serrande e tapparelle elettriche sono utili non solo per aumentare la sicurezza, ma anche per migliorare la domotica. Ad esempio, una persona anziana che vive da sola potrebbe trovare pi\u00f9 semplice aprire e chiudere le serrande con un pulsante piuttosto che farlo a mano.<\/p>\n<p>Se hai bisogno dello sblocco serrande Albenga, \u00e8 importante intervenire rapidamente per non restare chiusi fuori dal proprio negozio o garage.<\/p>\n<h4>Chiamare un fabbro sblocco serrande Albenga per un pronto intervento \u00e8 una soluzione, ma prima di ricorrere a questa opzione, ci sono diversi interventi che potete tentare da soli e che spesso risultano risolutivi.<\/h4>\n<p>Per applicare i nostri consigli, \u00e8 essenziale avere accesso all&#8217;interno della serranda, ad esempio tramite un ingresso posteriore del negozio o del garage.[\/vc_column_text][\/vc_column][\/vc_row][vc_row][vc_column][vc_column_text]Le serrande elettriche sono estremamente comode, soprattutto quando sono ampie e pesanti. Per esempio, in un garage o in un negozio, evitare la fatica di alzarle manualmente rappresenta un grande vantaggio.<\/p>\n<p>Questi dispositivi sono tra le soluzioni pi\u00f9 diffuse per la protezione di vari ambienti, come negozi, uffici, box auto, magazzini e molto altro, grazie ai loro numerosi vantaggi in termini di sicurezza e praticit\u00e0.<\/p>\n<p>Le serrande sono solitamente realizzate in sezioni di acciaio, che le rendono un vero e proprio muro difficile da infrangere o manomettere. Il funzionamento elettrico, ormai standard, permette di aprirle e chiuderle senza alcuno sforzo.<\/p>\n<h3>Tuttavia, l&#8217;uso delle serrande elettriche comporta alcuni rischi, che possono essere risolti da un servizio di sblocco serrande Albenga.<\/h3>\n<p>I problemi pi\u00f9 comuni includono l&#8217;impossibilit\u00e0 di aprire o chiudere la serranda in caso di mancanza di corrente o blocchi nel meccanismo dovuti a usura o danneggiamenti.<\/p>\n<p>Le serrande e le tapparelle elettriche possono essere utili anche in casa, non solo per aumentare la sicurezza dell&#8217;abitazione, ma anche per questioni di domotica.<\/p>\n<p>Per esempio, una persona anziana che vive da sola potrebbe trarre grande beneficio dalla possibilit\u00e0 di aprire e chiudere le serrande con un semplice pulsante, evitando lo sforzo manuale.<\/p>\n<h3>Ma cosa fare se la serranda si blocca? Non \u00e8 possibile lasciare l&#8217;auto chiusa nel box o restare fuori dalla propria attivit\u00e0.<\/h3>\n<p>Chiamare un fabbro sblocco serrande Albenga \u00e8 una buona soluzione, ma ci sono diversi interventi che \u00e8 possibile eseguire autonomamente prima di ricorrere a un professionista.[\/vc_column_text][\/vc_column][\/vc_row][vc_row][vc_column width=&#8221;1\/2&#8243;][vc_column_text]<img loading=\"lazy\" decoding=\"async\" class=\"alignnone size-medium wp-image-400 aligncenter\" src=\"https:\/\/fabbroalbenga.it\/wp-content\/uploads\/2023\/02\/serrande-pastore-300x289.webp\" alt=\"\" width=\"300\" height=\"289\" srcset=\"https:\/\/www.fabbroalbenga.it\/wp-content\/uploads\/2023\/02\/serrande-pastore-300x289.webp 300w, https:\/\/www.fabbroalbenga.it\/wp-content\/uploads\/2023\/02\/serrande-pastore.webp 676w\" sizes=\"auto, (max-width: 300px) 100vw, 300px\" \/>[\/vc_column_text][vc_column_text]<\/p>\n<h3>Affrontare una serranda bloccata pu\u00f2 essere semplice seguendo le giuste procedure e mantenendo una buona manutenzione.<\/h3>\n<p>Se necessario, non esitare a contattare uno sblocco serrande Albenga per garantire la sicurezza e l&#8217;integrit\u00e0 del tuo impianto. Se hai accesso a un ingresso posteriore del negozio o del garage, potrai eseguire lo sblocco serrande Albenga manualmente in caso di emergenza.<\/p>\n<h3>Ricorda sempre di operare in sicurezza e di affidarti a un esperto se non sei sicuro di come procedere.<\/h3>\n<p>[\/vc_column_text][\/vc_column][vc_column width=&#8221;1\/2&#8243;][vc_column_text]Le serrande, sia manuali che elettriche, utilizzate per proteggere edifici, negozi o garage, possono talvolta bloccarsi, rompersi o presentare problemi nei meccanismi, impedendo le operazioni di apertura o chiusura.<\/p>\n<h5>In caso di problemi con la serranda, la soluzione migliore \u00e8 rivolgersi a professionisti qualificati che possano intervenire rapidamente eseguire lo sblocco serrande Albenga.<\/h5>\n<ul>\n<li>Pronto Intervento Serrande<\/li>\n<li>Riparazione Serrande<\/li>\n<li>Manutenzione Ordinaria Serrande<\/li>\n<li>Manutenzione Straordinaria Serrande<\/li>\n<li>Sblocco serrande Albenga<\/li>\n<\/ul>\n<p>Prima di contattare un professionista per lo sblocco serrande Albenga, ci sono alcune procedure fai-da-te che puoi tentare per sbloccare una serranda elettrica, specialmente se il blocco \u00e8 dovuto a un&#8217;assenza di energia elettrica o a problemi con il motore.<\/p>\n<p>Controlla che non ci siano oggetti o detriti che intralciano i binari o il meccanismo di apertura. Rimuovi con cautela eventuali ostacoli.<\/p>\n<p>Cerca il cordino di sblocco manuale attaccato al meccanismo di apertura. Tirandolo, dovresti riuscire a disinnescare il blocco.<\/p>\n<p>Se la serranda \u00e8 ancora bloccata, prova a resettare il motore o a lubrificare le parti meccaniche con un lubrificante specifico per serrande.<\/p>\n<p>Se non sei sicuro di come procedere o se queste operazioni non risolvono il problema, \u00e8 consigliabile contattare un esperto che sappia fare lo sblocco serrande Albenga, per evitare ulteriori danni.<\/p>\n<p>Le serrande elettriche sono particolarmente comode, soprattutto quando sono grandi e pesanti, come nel caso dei garage o dei negozi. Possono anche migliorare la sicurezza domestica e facilitare la vita quotidiana, ad esempio, per le persone anziane che possono aprirle e chiuderle con un pulsante.[\/vc_column_text][\/vc_column][\/vc_row][vc_row][vc_column][vc_column_text]Immaginate la scena, \u00e8 luned\u00ec mattina, inizia una nuova e impegnativa settimana di lavoro. Arrivate davanti al vostro negozio, gi\u00e0 stanchi e assonnati. Vi abbassate per alzare la saracinesca, pronti per iniziare la giornata, ma c&#8217;\u00e8 un problema: la saracinesca \u00e8 bloccata. Nonostante i vostri sforzi, la serranda non si muove.<\/p>\n<p>Prima di capire le cause del blocco e le possibili soluzioni come lo sblocco serrande Albenga, \u00e8 importante sapere che esistono diverse tipologie di saracinesche, ognuna con il proprio funzionamento:<\/p>\n<p><em><strong>Saracinesca avvolgibile:<\/strong> <\/em>questi modelli hanno pannelli di ferro che si avvolgono verso l&#8217;alto durante l&#8217;apertura. Sono veloci e semplici da usare, ma possono essere complicati da riparare a causa del loro sistema elettrico.<\/p>\n<p><em><strong>Saracinesca basculante:<\/strong><\/em> meno pratica ma pi\u00f9 economica, si solleva lateralmente grazie a delle molle e pu\u00f2 essere manuale o automatizzata. Ideale per garage o rimesse.<\/p>\n<p><em><strong>Saracinesca coibentata:<\/strong> <\/em>perfetta per negozi che necessitano di mantenere una certa temperatura interna, queste saracinesche trattengono il calore all&#8217;interno.<\/p>\n<p>Il blocco della saracinesca pu\u00f2 essere causato da diversi problemi, tra cui:<\/p>\n<ul>\n<li><em><strong>Usura della corda:<\/strong> <\/em>la corda che solleva la saracinesca si consuma e deve essere sostituita periodicamente. La sua usura pu\u00f2 impedire il corretto funzionamento.<\/li>\n<li><em><strong>Usura dei pannelli:<\/strong><\/em> i pannelli possono danneggiarsi e bloccare la serranda. Un pannello rotto potrebbe incastrarsi nel cassone, impedendo la salita.<\/li>\n<li><em><strong>Guasti al sistema elettrico:<\/strong> <\/em>i problemi elettrici possono bloccare il funzionamento delle saracinesche automatizzate.<\/li>\n<\/ul>\n<p>Prima di chiamare un fabbro sblocco serrande Albenga, potete provare alcuni semplici interventi fai da te:<\/p>\n<ol>\n<li><em><strong>Sostituzione della corda:<\/strong> <\/em>aprite l&#8217;alloggiamento, svitate la corda usurata e sostituitela con una nuova.<\/li>\n<li><em><strong>Riparazione dei pannelli:<\/strong> <\/em>se un pannello \u00e8 danneggiato, bloccate la serranda, svitate il pannello rovinato e sostituitelo.<\/li>\n<li><em><strong>Sistema di sblocco:<\/strong> <\/em>le saracinesche elettriche sono dotate di un sistema di sblocco. Premete il pulsante di sblocco per risolvere temporaneamente il problema. Se non funziona, sar\u00e0 necessario contattare un elettricista.<\/li>\n<\/ol>\n<h2 style=\"text-align: center;\">Se i rimedi fai da te non risolvono il problema, \u00e8 il momento di affidarsi a un fabbro sblocco serrande Albenga.<\/h2>\n<p>Tentare riparazioni complicate da soli pu\u00f2 peggiorare la situazione, aumentando i costi di riparazione. Inoltre, una saracinesca bloccata pu\u00f2 esporre il negozio a furti e danneggiamenti.<\/p>\n<p>Un servizio di sblocco serrande Albenga, garantir\u00e0 una soluzione rapida e professionale, proteggendo la vostra attivit\u00e0 e ripristinando il corretto funzionamento della saracinesca.[\/vc_column_text][\/vc_column][\/vc_row][vc_row][vc_column width=&#8221;2\/3&#8243;][vc_column_text css=&#8221;&#8221;]Quando la porta automatica del garage si rompe, pu\u00f2 essere un problema serio, poich\u00e9 spesso non si pu\u00f2 n\u00e9 aprire n\u00e9 chiudere, compromettendo la sicurezza del garage stesso e degli oggetti contenuti.<\/p>\n<p>Sblocco serrande Albenga, offre soluzioni di alta qualit\u00e0 e sicurezza per le porte sezionali. L&#8217;azienda si occupa della progettazione, manutenzione e riparazione di queste porte, garantendo un servizio completo e professionale.<\/p>\n<p>Per qualsiasi problema con la porta automatica, sblocco serrande Albenga fornisce assistenza telefonica immediata e interventi rapidi entro 24\/48 ore.<\/p>\n<p>Se la porta elettrica del garage \u00e8 bloccata, pu\u00f2 essere dovuto a una mancanza di corrente o a un guasto meccanico. Ecco come affrontare queste situazioni.<\/p>\n<p>In caso di guasto, \u00e8 consigliabile chiamare il numero dedicato <a title=\"chiama fabbro Albenga\" href=\"tel:3921756117\">3921756117<\/a> per richiedere assistenza tecnica. I professionisti di sblocco serrande Albenga, effettueranno una verifica telefonica e un intervento in loco entro poche ore.<\/p>\n<p>L&#8217;elettrofreno \u00e8 un dispositivo che impedisce la movimentazione della serranda senza autorizzazione, garantendo un alto livello di sicurezza.<\/p>\n<p>Se la corrente manca, l&#8217;elettrofreno pu\u00f2 essere sbloccato manualmente tramite una manopola posizionata all&#8217;interno del cassonetto della serranda.[\/vc_column_text][\/vc_column][vc_column width=&#8221;1\/3&#8243;][vc_column_text]Non solo, eseguiamo il servizio di sblocco serrande Albenga, ma anche in altri comuni della Liguria, come:<\/p>\n<ul>\n<li><a title=\"fabbro alassio\" href=\"https:\/\/www.fabbroalassio.it\/\" target=\"_blank\" rel=\"noopener\">Alassio<\/a><\/li>\n<li><a title=\"fabbro Albenga\" href=\"https:\/\/fabbroalbenga.it\/\">Albenga<\/a><\/li>\n<li><a title=\"fabbro andora\" href=\"https:\/\/www.fabbroandora.it\/\" target=\"_blank\" rel=\"noopener\">Andora<\/a><\/li>\n<li><a title=\"fabbro arma di taggia\" href=\"https:\/\/www.fabbroarmaditaggia.it\/\" target=\"_blank\" rel=\"noopener\">Arma di Taggia<\/a><\/li>\n<li><a title=\"fabbro lavagna\" href=\"https:\/\/www.fabbrolavagna.it\/\" target=\"_blank\" rel=\"noopener\">Lavagna\u00a0<\/a><\/li>\n<li><a title=\"fabbro imperia\" href=\"https:\/\/www.fabbroimperia.it\/\" target=\"_blank\" rel=\"noopener\">Imperia\u00a0<\/a><\/li>\n<li><a title=\"fabbro la spezia\" href=\"https:\/\/www.fabbrolaspezia.it\/\" target=\"_blank\" rel=\"noopener\">La Spezia<\/a><\/li>\n<li><a title=\"fabbro pietra ligure\" href=\"https:\/\/www.fabbropietraligure.it\/\" target=\"_blank\" rel=\"noopener\">Pietra Ligure<\/a><\/li>\n<li><a title=\"fabbro rapallo\" href=\"https:\/\/www.fabbrorapallo.it\/\" target=\"_blank\" rel=\"noopener\">Rapallo\u00a0<\/a><\/li>\n<li><a title=\"fabbro loano\" href=\"https:\/\/www.fabbroloano.it\/\" target=\"_blank\" rel=\"noopener\">Loano<\/a><\/li>\n<li><a title=\"fabbro varazze\" href=\"https:\/\/www.fabbrovarazze.it\/\" target=\"_blank\" rel=\"noopener\">Varazze\u00a0<\/a><\/li>\n<li><a title=\"fabbro ventimiglia\" href=\"https:\/\/www.fabbroventimiglia.it\/\" target=\"_blank\" rel=\"noopener\">Ventimiglia\u00a0<\/a><\/li>\n<li><a title=\"fabbro spotorno\" href=\"https:\/\/www.fabbrospotorno.it\/\" target=\"_blank\" rel=\"noopener\">Spotorno\u00a0<\/a><\/li>\n<li><a title=\"fabbro laigueglia\" href=\"https:\/\/www.fabbrolaigueglia.it\/\" target=\"_blank\" rel=\"noopener\">Laigueglia\u00a0<\/a><\/li>\n<li><a title=\"fabbro baranzate\" href=\"https:\/\/www.fabbrobaranzate.it\/\" target=\"_blank\" rel=\"noopener\">Baranzate<\/a><\/li>\n<li><a title=\"fabbro bordighera\" href=\"https:\/\/www.fabbrobordighera.it\/\" target=\"_blank\" rel=\"noopener\">Bordighera\u00a0<\/a><\/li>\n<li><a title=\"fabbro camogli\" href=\"https:\/\/www.fabbrocamogli.it\/\" target=\"_blank\" rel=\"noopener\">Camogli<\/a><\/li>\n<li><a title=\"fabbro diano marina\" href=\"https:\/\/www.fabbrodianomarina.it\/\" target=\"_blank\" rel=\"noopener\">Diano Marina<\/a><\/li>\n<li><a title=\"fabbro finale igure\" href=\"https:\/\/www.fabbrofinaleligure.it\/\" target=\"_blank\" rel=\"noopener\">Finale Ligure<\/a><\/li>\n<\/ul>\n<p>[\/vc_column_text][\/vc_column][\/vc_row][vc_row][vc_column][vc_column_text]Per lo sblocco serrande Albenga del negozio, inizia verificando che sia collegata correttamente alla corrente elettrica e che il quadro elettrico sia acceso e controlla che il telecomando funzioni.<\/p>\n<p>Prova a utilizzare il pulsante di apertura manuale sulla centralina della serranda esamina la serranda per verificare se ci sono ostacoli fisici e rimuovi eventuali oggetti che potrebbero bloccarne il percorso.<\/p>\n<p>Se la serranda dispone di un sistema di sblocco manuale, consulta il manuale del produttore per localizzare il meccanismo utilizza la chiave fornita per attivare il sistema di sblocco serrande Albenga.<\/p>\n<p>Solleva la serranda con cautela spruzza un lubrificante spray nei punti di movimento della serranda per facilitarne lo scorrimento e assicurati di lubrificare le guide laterali e gli snodi alcuni modelli di serrande elettriche hanno una funzione di reset, quindi spegni la corrente, attendi qualche minuto e riaccendi il sistema.<\/p>\n<p>Se dopo aver seguito questi passaggi la serranda non si sblocca, contatta un tecnico specializzato nello sblocco serrande Albenga, fornendo tutte le informazioni necessarie, inclusi eventuali suoni anomali o malfunzionamenti riscontrati prima di intervenire.<\/p>\n<p>Assicurati di aver compreso il funzionamento specifico del modello della tua serranda e non forzare mai la serranda per evitare di causare danni maggiori[\/vc_column_text][\/vc_column][\/vc_row][vc_row][vc_column width=&#8221;1\/4&#8243;][vc_column_text]<img loading=\"lazy\" decoding=\"async\" class=\"alignnone size-medium wp-image-158 aligncenter\" src=\"https:\/\/fabbroalbenga.it\/wp-content\/uploads\/2023\/02\/ASSISTENZA24H-e1676906353750-226x300.webp\" alt=\"fabbro Albenga 24 ore\" width=\"226\" height=\"300\" srcset=\"https:\/\/www.fabbroalbenga.it\/wp-content\/uploads\/2023\/02\/ASSISTENZA24H-e1676906353750-226x300.webp 226w, https:\/\/www.fabbroalbenga.it\/wp-content\/uploads\/2023\/02\/ASSISTENZA24H-e1676906353750.webp 400w\" sizes=\"auto, (max-width: 226px) 100vw, 226px\" \/>[\/vc_column_text][\/vc_column][vc_column width=&#8221;3\/4&#8243;][vc_column_text]Se hai bisogno di sbloccare una serranda elettrica, \u00e8 importante contattare un professionista specializzato. Puoi rivolgerti a:<\/p>\n<h1>Servizi di sblocco serrande Albenga:<\/h1>\n<p>Disponibili 24\/7 per emergenze, elettricisti qualificati, esperti in sistemi elettrici e motori di serrande. Offrono supporto per specifiche marche e modelli. Ricorda di avere a portata di mano informazioni sulla serranda, come il modello e il tipo di problema riscontrato, per facilitare l&#8217;intervento.[\/vc_column_text][\/vc_column][\/vc_row][vc_row][vc_column][vc_column_text]<\/p>\n<h3>Se ti trovi a Albenga, \u00e8 domenica sera e la serranda del garage \u00e8 bloccata, ecco cosa puoi fare:<\/h3>\n<p>Prima di tutto, non farti prendere dal panico. Ci sono diverse soluzioni per risolvere il problema. Verifica se la serratura funziona correttamente e se ci sono ostacoli visibili che impediscono il movimento della serranda.<\/p>\n<p>Se hai del lubrificante a portata di mano, applicalo sulle parti mobili della serranda per vedere se il meccanismo si sblocca. Se la serranda \u00e8 automatica, assicurati che ci sia corrente elettrica e che il telecomando o il pulsante funzionino correttamente. Prova a sostituire le batterie del telecomando, se necessario.<\/p>\n<p>Molte serrande automatiche hanno un meccanismo di sblocco manuale. Controlla il manuale del garage per capire come utilizzarlo. Se non riesci a risolvere il problema da solo, chiedi assistenza a un vicino. Potrebbero avere degli strumenti o delle conoscenze utili.<\/p>\n<h5>Anche se \u00e8 domenica sera, alcuni servizi di emergenza per la riparazione delle serrande potrebbero essere disponibili. Cerca su internet &#8220;sblocco serrande Albenga&#8221; per trovare un professionista che offra assistenza 24 ore su 24.<\/h5>\n<p>Se non riesci a sbloccare la serranda, assicurati che l\u2019area sia sicura. Se la serranda \u00e8 parzialmente aperta, metti in sicurezza il garage per evitare intrusioni.<\/p>\n<p>Prendendo questi passaggi, dovresti riuscire a gestire la situazione nel modo pi\u00f9 efficace possibile.[\/vc_column_text][\/vc_column][\/vc_row][vc_row][vc_column][vc_column_text]Durante una vacanza a Albenga, \u00e8 facile perdersi nelle bellezze della citt\u00e0 e dimenticare i piccoli dettagli della vita quotidiana.<\/p>\n<p>Tuttavia, pu\u00f2 capitare di ritrovarsi in situazioni inaspettate come il non riuscire a sbloccare la serranda del garage al ritorno nella propria casa in affitto.<\/p>\n<p>Ecco alcuni passi da seguire per risolvere il problema:<\/p>\n<p><em><strong>Controllare la Serranda:<\/strong> <\/em>Prima di tutto, verifica se ci sono ostacoli visibili che impediscono il movimento della serranda. A volte, piccoli oggetti o detriti possono causare blocchi.<\/p>\n<p><em><strong>Esaminare la Chiave o il Telecomando:<\/strong> <\/em>Assicurati che la chiave o il telecomando stiano funzionando correttamente. Se usi un telecomando, prova a sostituire le batterie.<\/p>\n<p><em><strong>Ispezionare il Sistema di Blocco:<\/strong> <\/em>Alcune serrande hanno un meccanismo di blocco di sicurezza. Controlla se \u00e8 attivato e prova a sbloccarlo manualmente.<\/p>\n<p><em><strong>Consultare il Proprietario o l&#8217;Agenzia Immobiliare:<\/strong> <\/em>Se non riesci a sbloccare la serranda con i metodi sopra indicati, contatta il proprietario dell\u2019immobile o l\u2019agenzia immobiliare da cui hai affittato la casa. Potrebbero avere una chiave di riserva o consigli su come risolvere il problema.<\/p>\n<p><em><strong>Chiamare un Professionista:<\/strong> <\/em>Se nessuna delle soluzioni precedenti funziona, potrebbe essere necessario chiamare un fabbro o un tecnico specializzato. Assicurati di spiegare dettagliatamente il problema per garantire un intervento efficace.<\/p>\n<p><em><strong>Valutare l&#8217;Assicurazione:<\/strong> <\/em>Controlla se la tua polizza assicurativa copre eventuali interventi di emergenza relativi a serrature e serrande.[\/vc_column_text][\/vc_column][\/vc_row][vc_row][vc_column width=&#8221;1\/2&#8243;][vc_column_text]<\/p>\n<h3>Perch\u00e9 Scegliere Fabbro Albenga?<\/h3>\n<p>Se vi trovate bloccati fuori casa, non preoccupatevi: il servizio di pronto intervento fabbro Albenga \u00e8 sempre a vostra disposizione.<\/p>\n<p>Siamo pronti a intervenire per l&#8217;apertura di serrande bloccate e per qualsiasi problema legato alle saracinesche, offrendo assistenza 24 ore su 24, 7 giorni su 7, anche durante le festivit\u00e0 e il mese di agosto.<\/p>\n<p>La nostra forza risiede nella tempestivit\u00e0 e nell&#8217;efficienza. Siamo leader nel settore e garantiamo interventi rapidi per il cambio serrandee la risoluzione di problemi, compresi i basculanti. Che si tratti di un\u2019emergenza notturna o di un intervento programmato, il nostro fabbro notturno arriver\u00e0 da voi in tempi rapidi.[\/vc_column_text][\/vc_column][vc_column width=&#8221;1\/2&#8243;][vc_column_text css=&#8221;&#8221;]Fabbro Albenga si distingue per il servizio impeccabile a domicilio, supportato da un team di esperti altamente qualificati. Offriamo anche servizi per cancelli e cler, rendendoci un punto di riferimento per chi cerca un partner affidabile in tutta Albenga.<\/p>\n<p>Non aspettate oltre: scegliete il fabbro Albenga per un&#8217;assistenza professionale e veloce, disponibile in ogni momento dell&#8217;anno.<\/p>\n<h3 style=\"text-align: center;\">Per richiedere un intervento o avere informazioni sui nostri prezzi, potete contattarci al numero <a title=\"chiama fabbro Albenga\" href=\"tel:3921756117\">3921756117<\/a><\/h3>\n<p>[\/vc_column_text][\/vc_column][\/vc_row][vc_row][vc_column][vc_column_text]Assistenza serrande Albenga vicino a me: se hai digitato \u201cSblocco serrande Albenga\u201d oppure \u201cfabbro Albenga\u201d evidentemente hai una urgenza e la necessit\u00e0 di comunicare con un fabbro vicino alla tua residenza. Non preoccuparti! Noi siamo a e siamo vicino a te! Siamo il fabbro a pi\u00f9 vicino\u2026[\/vc_column_text][\/vc_column][\/vc_row]<\/p>\n<\/div>","protected":false},"excerpt":{"rendered":"<p>[vc_row][vc_column width=&#8221;1\/2&#8243;][vc_column_text]In questo articolo vi spiegheremo nel dettaglio lo sblocco serrande Albenga, del negozio o del garage. Questi consigli sono validi nel caso in cui la serranda elettrica sia bloccata a causa di un&#8217;interruzione di corrente o di problemi al motore legati al passaggio di elettricit\u00e0. Le serrande elettriche sono molto comode, soprattutto quando sono<a href=\"https:\/\/www.fabbroalbenga.it\/?page_id=45\" class=\"more-link\">&#8230;<\/a><\/p>\n","protected":false},"author":4,"featured_media":282,"parent":0,"menu_order":0,"comment_status":"closed","ping_status":"closed","template":"","meta":{"footnotes":""},"class_list":["post-45","page","type-page","status-publish","has-post-thumbnail","hentry"],"_links":{"self":[{"href":"https:\/\/www.fabbroalbenga.it\/index.php?rest_route=\/wp\/v2\/pages\/45","targetHints":{"allow":["GET"]}}],"collection":[{"href":"https:\/\/www.fabbroalbenga.it\/index.php?rest_route=\/wp\/v2\/pages"}],"about":[{"href":"https:\/\/www.fabbroalbenga.it\/index.php?rest_route=\/wp\/v2\/types\/page"}],"author":[{"embeddable":true,"href":"https:\/\/www.fabbroalbenga.it\/index.php?rest_route=\/wp\/v2\/users\/4"}],"replies":[{"embeddable":true,"href":"https:\/\/www.fabbroalbenga.it\/index.php?rest_route=%2Fwp%2Fv2%2Fcomments&post=45"}],"version-history":[{"count":6,"href":"https:\/\/www.fabbroalbenga.it\/index.php?rest_route=\/wp\/v2\/pages\/45\/revisions"}],"predecessor-version":[{"id":1096,"href":"https:\/\/www.fabbroalbenga.it\/index.php?rest_route=\/wp\/v2\/pages\/45\/revisions\/1096"}],"wp:featuredmedia":[{"embeddable":true,"href":"https:\/\/www.fabbroalbenga.it\/index.php?rest_route=\/wp\/v2\/media\/282"}],"wp:attachment":[{"href":"https:\/\/www.fabbroalbenga.it\/index.php?rest_route=%2Fwp%2Fv2%2Fmedia&parent=45"}],"curies":[{"name":"wp","href":"https:\/\/api.w.org\/{rel}","templated":true}]}}